{"id":642,"date":"2022-07-19T14:32:45","date_gmt":"2022-07-19T12:32:45","guid":{"rendered":"http:\/\/trefl-puzzle.presb.pl\/?page_id=642"},"modified":"2023-03-28T08:30:05","modified_gmt":"2023-03-28T06:30:05","slug":"polityka-prywatnosci","status":"publish","type":"page","link":"https:\/\/puzzles.trefl.com\/pl\/wood-craft\/polityka-prywatnosci\/","title":{"rendered":"Polityka prywatno\u015bci"},"content":{"rendered":"<p>Administratorem danych osobowych przetwarzanych w serwisie internetowym, dost\u0119pnym pod adresem www: https:\/\/puzzles.trefl.com\/trefl-prime\/ \u00a0(dalej: Serwis) jest TREFL Sp\u00f3\u0142ka Akcyjna (dalej: TREFL lub \u201eMy\u201d), NIP 585-13-57-118, REGON 191928047. Administrator wyznaczy\u0142 Inspektora ochrony danych, z kt\u00f3rym mo\u017cna si\u0119 kontaktowa\u0107 pod adresem email: <a href=\"mailto:iod@trefl.com\">iod@trefl.com<\/a><\/p>\n<p>TREFL SA w zale\u017cno\u015bci od grupy produkt\u00f3w, us\u0142ug czy funkcjonalno\u015bci, b\u0119dziemy potrzebowali r\u00f3\u017cnych danych, kt\u00f3re obejmuj\u0105 nast\u0119puj\u0105ce informacje:<\/p>\n<ul>\n<li><strong>dane kontaktowe\u00a0<\/strong>(dane kontaktowe, imi\u0119 i nazwisko);<\/li>\n<li>dane dotycz\u0105ce\u00a0<strong>po\u0142\u0105czenia i dotycz\u0105ce przegl\u0105dania stron internetowych;<\/strong><\/li>\n<li>dane dotycz\u0105ce\u00a0<strong>upodoba\u0144 i preferencji\u00a0<\/strong>u\u017cytkownika na podstawie analizy plik\u00f3w cookies.<\/li>\n<\/ul>\n<h4><\/h4>\n<h4>I. CELE PRZETWARZANIA DANYCH OSOBOWYCH ORAZ INFORMACJA O PODSTAWIE PRAWNEJ I CZASIE PRZETWARZANIA.<\/h4>\n<p>W zale\u017cno\u015bci od sposobu, w jaki u\u017cytkownik korzysta z naszych us\u0142ug, b\u0119dziemy przetwarza\u0107 jego dane osobowe w nast\u0119puj\u0105cym zakresie:<\/p>\n<p>&nbsp;<\/p>\n<table>\n<thead>\n<tr>\n<td width=\"311\"><strong>CEL<\/strong><\/td>\n<td width=\"311\"><strong>PODSTAWA PRAWNA<\/strong><\/td>\n<td width=\"311\"><strong>CZAS PRZETWARZANIA<\/strong><\/td>\n<\/tr>\n<\/thead>\n<tbody>\n<tr>\n<td width=\"311\"><strong>Przetwarzamy dane os\u00f3b, kt\u00f3ry przes\u0142a\u0142y do nas zapytanie za po\u015brednictwem formularza kontaktowego dost\u0119pnego w naszym Serwisie.<\/strong><\/td>\n<td width=\"311\">Prawnie uzasadniony interes Administratora polegaj\u0105cy na obs\u0142udze bie\u017c\u0105cych kontakt\u00f3w z klientami, potencjalnymi klientami i kontrahentami.<\/td>\n<td width=\"311\">Do zako\u0144czenia korespondencji prowadzonej w temacie zg\u0142oszenia.<\/td>\n<\/tr>\n<tr>\n<td width=\"311\">Przetwarzamy dane u\u017cytkownika dotycz\u0105ce przegl\u0105dania stron internetowych,\u00a0<strong>w celach analitycznych i statystycznych<\/strong>. Pozwoli to nam\u00a0 zrozumie\u0107 w jaki spos\u00f3b u\u017cytkownicy korzystaj\u0105 z Serwisu a to jest podstaw\u0105 w pracy nad jego ulepszeniem: popraw\u0105 czytelno\u015bci<br \/>\ni u\u0142atwieniami w nawigacji. Ponadto, za zgod\u0105 u\u017cytkownik\u00f3w, b\u0119dziemy przekazywali partnerom dane marketingowe zebrane przez pliki cookies<\/td>\n<td width=\"311\">\n<ul>\n<li>Prawnie uzasadniony interes administratora w zakresie cookies niezb\u0119dnych, wydajno\u015bciowych i funkcjonalnych<\/li>\n<li>Zgoda wydana przez u\u017cytkownika na instalacje plik\u00f3w cookies marketingowych.<\/li>\n<\/ul>\n<p>&nbsp;<\/td>\n<td width=\"311\">Dane u\u017cytkownika s\u0105 przetwarzane przez czas zale\u017cny od wa\u017cno\u015bci konkretnego pliku cookies, nie d\u0142u\u017cej jednak ni\u017c do czasu ich usuni\u0119cia z urz\u0105dzenia, z kt\u00f3rego u\u017cytkownik korzysta.<\/p>\n<p>&nbsp;<\/td>\n<\/tr>\n<\/tbody>\n<\/table>\n<h4><\/h4>\n<h4>II. UJAWNIANIE DANYCH OSOBOWYCH<\/h4>\n<p>Aby osi\u0105gn\u0105\u0107 cele wymienione w niniejszej Polityce Prywatno\u015bci, b\u0119dziemy ujawniali dane osobowe u\u017cytkownika\u00a0<strong>podmiotom<\/strong>, kt\u00f3re wspieraj\u0105 nas w \u015bwiadczeniu oferowanych przez nas us\u0142ug, to znaczy:<\/p>\n<ul>\n<li>dostawcom\u00a0<strong>us\u0142ug technologicznych<\/strong> tj. us\u0142ugi hostingowe.<\/li>\n<li>dostawcom <strong>oprogramowania<\/strong>, z kt\u00f3rego korzystamy wysy\u0142aj\u0105c newsletter,<\/li>\n<li>dostawcom i partnerom \u015bwiadcz\u0105cym us\u0142ugi zwi\u0105zane z\u00a0<strong>marketingiem i reklam\u0105 (tylko dane statystyczne)<\/strong><\/li>\n<li><strong>operatorom platform spo\u0142eczno\u015bciowych<\/strong>, o ile u\u017cytkownik skorzysta\u0142 z link\u00f3w prowadz\u0105cych na bezpo\u015brednio na nasze strony w tych serwisach.<\/li>\n<\/ul>\n<p>Ponadto, niekt\u00f3re z plik\u00f3w cookies s\u0105 dostarczane przez naszych partner\u00f3w \u2013 podmioty zarejestrowane w Stanach Zjednoczonych (USA).\u00a0 \u00a0Takie pliki cookies s\u0105 instalowane wy\u0142\u0105cznie po uzyskaniu zgody u\u017cytkownika. Dostawcy tych plik\u00f3w s\u0105 odr\u0119bnymi i niezale\u017cnymi od TREFL administratorami danych. Szczeg\u00f3\u0142owe informacje znajduj\u0105 si\u0119 w Polityce Cookies \u2013 poni\u017cej.<\/p>\n<h4>III. PRAWA OS\u00d3B, KT\u00d3RYCH DANE DOTYCZ\u0104<\/h4>\n<p>Zobowi\u0105zujemy si\u0119 do poszanowania poufno\u015bci danych osobowych u\u017cytkownika oraz do zagwarantowania mu mo\u017cliwo\u015bci\u00a0<strong>wykonania swoich praw<\/strong>. Jako Administrator informujemy, \u017ce u\u017cytkownik mo\u017ce wykonywa\u0107 swoje prawa\u00a0<strong>bez ponoszenia \u017cadnych koszt\u00f3w ze swojej strony,\u00a0<\/strong>wysy\u0142aj\u0105c do nas wiadomo\u015b\u0107 e-mail pod\u00a0<strong>adres\u00a0<\/strong>(iod@trefl.com) i wskazuj\u0105c po prostu przyczyn\u0119 swojego \u017c\u0105dania oraz prawo, z kt\u00f3rego chce skorzysta\u0107. Je\u017celi uznamy to za potrzebne, do cel\u00f3w identyfikacji u\u017cytkownika mo\u017cemy za\u017c\u0105da\u0107 od niego przedstawienia dokumentu lub informacji potwierdzaj\u0105cych to\u017csamo\u015b\u0107.<\/p>\n<p>Niezale\u017cnie od celu czy podstawy prawnej, w my\u015bl kt\u00f3rej przetwarzamy dane osobowe u\u017cytkownika, ma on prawo do:<\/p>\n<ul>\n<li>Za\u017c\u0105dania od nas\u00a0<strong>dost\u0119pu\u00a0<\/strong>do danych, kt\u00f3re posiadamy odno\u015bnie jego osoby. Przypominamy, \u017ce je\u017celi u\u017cytkownik jest zarejestrowanym u\u017cytkownikiem Sklepu , ma r\u00f3wnie\u017c dost\u0119p do tych informacji w zak\u0142adce dotycz\u0105cej jego danych osobowych.<\/li>\n<li>Za\u017c\u0105dania od nas\u00a0<strong>sprostowania\u00a0<\/strong>danych, kt\u00f3re ju\u017c posiadamy.<\/li>\n<li>Za\u017c\u0105dania od nas\u00a0<strong>usuni\u0119cia\u00a0<\/strong>swoich danych, w zakresie, w jakim nie b\u0119d\u0105 ju\u017c one potrzebne do cel\u00f3w, do kt\u00f3rych by\u0142y przetwarzane.<\/li>\n<li>Za\u017c\u0105dania od nas\u00a0<strong>ograniczenia przetwarzania\u00a0<\/strong>swoich danych, co w niekt\u00f3rych przypadkach oznacza, \u017ce u\u017cytkownik mo\u017ce za\u017c\u0105da\u0107 od nas czasowego zawieszenia przetwarzania danych lub przechowania ich d\u0142u\u017cej ni\u017c to potrzebne do chwili, a\u017c b\u0119d\u0105 mu ponownie potrzebne.<\/li>\n<\/ul>\n<p>Je\u017celi przetwarzanie danych osobowych opiera si\u0119 na naszym\u00a0<strong>uzasadnionym interesie<\/strong>, u\u017cytkownik posiada prawo do\u00a0<strong>wyra\u017cenia sprzeciwu\u00a0<\/strong>wobec przetwarzania swoich danych.<\/p>\n<p>Informujemy r\u00f3wnie\u017c u\u017cytkownik\u00f3w o ich prawie do\u00a0<strong>sk\u0142adania reklamacji\u00a0<\/strong>przed\u00a0<strong>organami nadzorczymi\u00a0<\/strong>w odniesieniu do ochrony danych osobowych, a konkretnie przed Prezesem Urz\u0119du Ochrony Danych Osobowych.<\/p>\n<h4>III.<strong>\u00a0<\/strong>ZMIANY POLITYKI PRYWATNO\u015aCI<\/h4>\n<p>Informacje zawarte w niniejszej Polityce Prywatno\u015bci mog\u0105 ulec zmianie. W przypadku wprowadzenia przez nas jakichkolwiek zmian, poinformujemy o tym u\u017cytkownik\u00f3w wysy\u0142aj\u0105c wiadomo\u015b\u0107 e-mail. W ka\u017cdym przypadku, zalecamy u\u017cytkownikom czyta\u0107 regularnie niniejsz\u0105 Polityk\u0119 Prywatno\u015bci i Plik\u00f3w Cookies, na wypadek gdyby wprowadzone w niej zosta\u0142y niewielkie zmiany lub ulepszenia technologiczne.<\/p>\n<h4>IV.<strong>\u00a0<\/strong>POLITYKA COOKIES<\/h4>\n<p>Administratorem plik\u00f3w cookies instalowanych na urz\u0105dzeniu U\u017cytkownika podczas wizyty w Serwisie jest TREFL Sp\u00f3\u0142ka Akcyjna. W zakresie plik\u00f3w cookies medi\u00f3w spo\u0142eczno\u015bciowych \u2013 operatorzy tych medi\u00f3w tak\u017ce przyjmuj\u0105 rol\u0119 administrator\u00f3w danych.<\/p>\n<h4>V. CO S\u0104 PLIKI COOKIES I DO CZEGO S\u0141U\u017b\u0104<\/h4>\n<p>Pliki cookies s\u0105 to pliki tekstowe wysy\u0142ane przez serwer www i zapisywane przez przegl\u0105dark\u0119 internetow\u0105 w pami\u0119ci urz\u0105dzenia, na kt\u00f3rym serwis zosta\u0142 wy\u015bwietlony. Dzi\u0119ki plikom cookies operatorzy serwis\u00f3w WWW wiedz\u0105 m.in. \u017ce u\u017cytkownik jest zalogowany i pami\u0119taj\u0105 wybrane ustawienia j\u0119zykowe. Cookies marketingowe dostarczane przez podmioty zewn\u0119trzne, zbieraj\u0105 informacje o aktywno\u015bci U\u017cytkownika w Internecie w celu personalizacji przekazu reklamowego lub\/i wy\u015bwietlanych informacji.<\/p>\n<p>Poniewa\u017c niekt\u00f3re pliki cookies ingeruj\u0105 w sfer\u0119 prywatn\u0105 u\u017cytkownika zbieraj\u0105c informacje o preferencjach, aktywno\u015bci w Internecie, w\u0142a\u015bciwo\u015bciach urz\u0105dze\u0144 &#8211; ich instalacja odbywa si\u0119 tylko za zgod\u0105.<\/p>\n<h4>VI. JAKIE RODZAJE PLIK\u00d3W COOKIES WYKORZYSTUJEMY W SERWISIE<\/h4>\n<p>W naszym Serwisie korzystamy z nast\u0119puj\u0105cych rodzaj\u00f3w plik\u00f3w cookies.<\/p>\n<ul>\n<li><strong>Niezb\u0119dne<\/strong> &#8211; konieczne dla prawid\u0142owego funkcjonowania strony internetowej. Pozwalaj\u0105 zapisa\u0107 ustawienia cookies i pozwalaj\u0105 u\u017cytkownikowi pozosta\u0107 zalogowanym przez ca\u0142\u0105 sesj\u0119. Bez instalacji tych plik\u00f3w nasz serwis nie b\u0119dzie dzia\u0142a\u0142 poprawnie.<\/li>\n<li><strong>Wydajno\u015bciowe <\/strong>\u2013 Umo\u017cliwiaj\u0105 prowadzenie analizy ruchu: zliczanie wizyt, czasu ich trwania, ilo\u015bci odwiedzanych podstron, \u017ar\u00f3de\u0142 wej\u015bcia na strony naszego serwisu, okre\u015blenia miejsc najbardziej popularnych. Dzi\u0119ki tym informacjom mo\u017cemy ulepsza\u0107 serwis WWW i zwi\u0119ksza\u0107 szybko\u015b\u0107 dzia\u0142ania. Informacje zbierane przez ten rodzaj cookies s\u0105 ca\u0142kowicie anonimowe.<\/li>\n<li><strong>Funkcjonalne<\/strong> &#8211; pozwalaj\u0105 dopasowa\u0107 zawarto\u015b\u0107 strony do preferencji u\u017cytkownika np. wybra\u0107 wersj\u0119 j\u0119zykow\u0105 lub kolejno\u015b\u0107 prezentacji produkt\u00f3w.<\/li>\n<li><strong>Marketingowe<\/strong> &#8211; s\u0105 instalowane przez TREFL SA lub, za naszym po\u015brednictwem, przez strony trzecie: partner\u00f3w reklamowych tj. Google Inc. I Facebook Inc. Nasi partnerzy maj\u0105 mo\u017cliwo\u015b\u0107 identyfikacji u\u017cytkownika za pomoc\u0105 tzw. ID reklamowego. Cookies marketingowe zbieraj\u0105 informacje o Twojej aktywno\u015bci nie tylko w naszym serwisie ale r\u00f3wnie\u017c serwisach dostarczanych przez naszych partner\u00f3w. Dane przetwarzane s\u0105 w celu personalizacji przekazu i doboru wy\u015bwietlanych informacji do Twojego profilu reklamowego. Ponadto dzi\u0119ki plikom cookies serwis\u00f3w spo\u0142eczno\u015bciowych u\u0142atwiony zostaje proces zalogowania si\u0119, polubienia naszej witryny w tych serwisach i wy\u015bwietlania Tobie reklam, w czasie gdy je odwiedzasz.<br \/>\nZa przetwarzanie informacji z cookies medi\u00f3w spo\u0142eczno\u015bciowych odpowiada zar\u00f3wno TREFL SA, jak r\u00f3wnie\u017c operatorzy tych serwis\u00f3w.<\/li>\n<\/ul>\n<p>Szczeg\u00f3\u0142owe informacje o tym jak przetwarzane s\u0105 dane przez naszych partner\u00f3w znajduj\u0105 si\u0119 na stronach:<\/p>\n<ul>\n<li><strong>Google &#8211; <\/strong><a href=\"https:\/\/policies.google.com\/privacy?hl=en-US\"><strong>https:\/\/policies.google.com\/privacy?hl=en-US<\/strong><\/a><\/li>\n<li><strong>Facebook &#8211; <\/strong><a href=\"https:\/\/www.facebook.com\/policy.php\"><strong>https:\/\/www.facebook.com\/policy.php<\/strong><\/a><\/li>\n<\/ul>\n<h4>VII. JAKIE PLIKI COOKIES MARKETINGOWE S\u0104 INSTALOWANE.<\/h4>\n<table width=\"945\">\n<thead>\n<tr>\n<td width=\"201\"><strong>Nazwa<\/strong><\/td>\n<td width=\"155\"><strong>Dostawca\/lokalizacja<\/strong><\/td>\n<td width=\"375\"><strong>Cel<\/strong><\/td>\n<td width=\"213\"><strong>Okres przechowywania<\/strong><\/td>\n<\/tr>\n<\/thead>\n<tbody>\n<tr>\n<td width=\"201\">_ fbp<\/td>\n<td width=\"155\">Facebook (UK)<\/td>\n<td width=\"375\">Wykorzystywany przez Facebook do\u00a0 dostarczania\u00a0\u00a0 produkt\u00f3w\u00a0 reklamowych,\u00a0\u00a0 takich jak licytowanie wy\u015bwietle\u0144 reklam u\u017cytkownikowi w czasie rzeczywistym przez reklamodawc\u00f3w.<\/td>\n<td width=\"213\">3 miesi\u0105ce<\/td>\n<\/tr>\n<tr>\n<td width=\"201\">_gcl_au<\/td>\n<td width=\"155\">Google.com<\/td>\n<td width=\"375\">U\u017cywany przez Google AdSense do eksperymentowania ze skuteczno\u015bci\u0105 reklam w witrynach internetowych korzystaj\u0105cych z ich us\u0142ug<\/td>\n<td width=\"213\">3 miesi\u0105ce<\/td>\n<\/tr>\n<tr>\n<td width=\"201\">i\/adsct<\/td>\n<td width=\"155\">Twitter.com<\/td>\n<td width=\"375\">Plik cookie jest u\u017cywany przez Twitter.com w celu okre\u015blenia liczby odwiedzaj\u0105cych uzyskuj\u0105cych dost\u0119p do witryny za po\u015brednictwem tre\u015bci reklamowych na Twitterze.<\/td>\n<td width=\"213\">Czas aktywnej sesji<\/p>\n<p>&nbsp;<\/td>\n<\/tr>\n<tr>\n<td width=\"201\">pagead\/1p-user-list\/#<\/p>\n<p>&nbsp;<\/td>\n<td width=\"155\">Google.com<\/td>\n<td width=\"375\">\u015aledzi czy u\u017cytkownik wykaza\u0142 zainteresowanie okre\u015blonymi produktami lub wydarzeniami w wielu witrynach i wykrywa, w jaki spos\u00f3b u\u017cytkownik nawiguje mi\u0119dzy witrynami. S\u0142u\u017cy do pomiaru dzia\u0142a\u0144 reklamowych i u\u0142atwia uiszczanie op\u0142at za skierowanie mi\u0119dzy stronami internetowymi.<\/td>\n<td width=\"213\">Czas aktywnej sesji<\/p>\n<p>&nbsp;<\/td>\n<\/tr>\n<tr>\n<td width=\"201\">fr<\/td>\n<td width=\"155\">Facebook (UK)<\/td>\n<td width=\"375\">Wykorzystywany przez Facebook do dostarczania produkt\u00f3w\u00a0 reklamowych, takich jak licytowanie wy\u015bwietle\u0144 reklam u\u017cytkownikowi w czasie rzeczywistym przez reklamodawc\u00f3w.<\/td>\n<td width=\"213\">3 miesi\u0105ce<\/td>\n<\/tr>\n<tr>\n<td width=\"201\">Tr (pixel)<\/td>\n<td width=\"155\">Facbook.com (UK)<\/td>\n<td width=\"375\">Wykorzystywany przez Facebook do\u00a0 dostarczania\u00a0\u00a0 produkt\u00f3w\u00a0 reklamowych,\u00a0 takich jak licytowanie wy\u015bwietle\u0144 reklam u\u017cytkownikowi w czasie rzeczywistym przez reklamodawc\u00f3w.<\/td>\n<td width=\"213\">Czas aktywnej sesji<\/td>\n<\/tr>\n<\/tbody>\n<\/table>\n<h4>I. W JAKI SPOS\u00d3B MO\u017bESZ ZMIENI\u0106 USTAWIENIA COOKIES W PRZEL\u0104DARCE.<\/h4>\n<p>Mo\u017cesz\u00a0 w\u00a0 ka\u017cdej chwili zmieni\u0107 lub usun\u0105\u0107 pliki cookies dokonuj\u0105c odpowiednich modyfikacji w ustawieniach przegl\u0105darki. Szczeg\u00f3\u0142y znajduj\u0105 si\u0119 na stronach producent\u00f3w oprogramowania.<\/p>\n<p>Poni\u017cej zamieszczamy linki do informacji dla najpopularniejszych przegl\u0105darek:<\/p>\n<ul>\n<li>Microsoft Edge &#8211; <a href=\"https:\/\/support.microsoft.com\/pl-pl\/help\/4468242\/microsoft-edge-browsing-data-and-privacy-microsoft-privacy\">https:\/\/support.microsoft.com\/pl-pl\/help\/4468242\/microsoft-edge-browsing-data-and-privacy-microsoft-privacy<\/a><\/li>\n<li>Chrome &#8211; <a href=\"https:\/\/support.google.com\/chrome\/answer\/95647?hl=pl\">https:\/\/support.google.com\/chrome\/answer\/95647?hl=pl<\/a><\/li>\n<li>Firefox &#8211; <a href=\"https:\/\/support.mozilla.org\/pl\/kb\/ciasteczka\">https:\/\/support.mozilla.org\/pl\/kb\/ciasteczka<\/a><\/li>\n<li>Opera &#8211; <a href=\"https:\/\/help.opera.com\/pl\/latest\/security-and-privacy\/\">https:\/\/help.opera.com\/pl\/latest\/security-and-privacy\/<\/a><\/li>\n<li>Safari &#8211; <a href=\"https:\/\/support.apple.com\/pl-pl\/HT201265\">https:\/\/support.apple.com\/pl-pl\/HT201265<\/a><\/li>\n<\/ul>\n<p>&nbsp;<\/p>\n<h4>II. Kontakt w sprawie przetwarzania danych osobowych<\/h4>\n<p>W sprawach zwi\u0105zanych z danymi osobowymi lub ich przetwarzaniem mo\u017cecie skontaktowa\u0107 si\u0119 z nami poprzez:<\/p>\n<p>&#8211; formularz kontaktowy na stronie WWW:<\/p>\n<p>&#8211; e-mailem pod adres: <a href=\"mailto:iod@trefl.com\">iod@trefl.com<\/a><\/p>\n<p>Inspektorem Danych Osobowych jest Monika Gierada-So\u0142tysek.<\/p>\n<p>Ver. 1.0. Gdynia 07.03.2023<\/p>\n","protected":false},"excerpt":{"rendered":"<p>Administratorem danych osobowych przetwarzanych w serwisie internetowym, dost\u0119pnym pod adresem www: https:\/\/puzzles.trefl.com\/trefl-prime\/ \u00a0(dalej: Serwis) jest TREFL Sp\u00f3\u0142ka Akcyjna (dalej: TREFL lub \u201eMy\u201d), NIP 585-13-57-118, REGON 191928047. Administrator wyznaczy\u0142 Inspektora ochrony danych, z kt\u00f3rym mo\u017cna si\u0119 kontaktowa\u0107 pod adresem email: iod@trefl.com TREFL SA w zale\u017cno\u015bci od grupy produkt\u00f3w, us\u0142ug czy funkcjonalno\u015bci, b\u0119dziemy potrzebowali r\u00f3\u017cnych danych, kt\u00f3re [&hellip;]<\/p>\n","protected":false},"author":1,"featured_media":0,"parent":570,"menu_order":0,"comment_status":"closed","ping_status":"closed","template":"template-domyslny-wood.php","meta":{"_acf_changed":false,"footnotes":""},"class_list":["post-642","page","type-page","status-publish","hentry"],"acf":[],"yoast_head":"<!-- This site is optimized with the Yoast SEO plugin v27.5 - https:\/\/yoast.com\/product\/yoast-seo-wordpress\/ -->\n<title>Polityka prywatno\u015bci | Trefl Puzzle<\/title>\n<meta name=\"description\" content=\"Zapoznaj si\u0119 z polityk\u0105 prywatno\u015bci na stronie Trefl Puzzle i dowiedz si\u0119, jak chronimy Twoje dane osobowe.\" \/>\n<meta name=\"robots\" content=\"index, follow, max-snippet:-1, max-image-preview:large, max-video-preview:-1\" \/>\n<link rel=\"canonical\" href=\"https:\/\/puzzles.trefl.com\/pl\/wood-craft\/polityka-prywatnosci\/\" \/>\n<meta property=\"og:locale\" content=\"pl_PL\" \/>\n<meta property=\"og:type\" content=\"article\" \/>\n<meta property=\"og:title\" content=\"Polityka prywatno\u015bci | Trefl Puzzle\" \/>\n<meta property=\"og:description\" content=\"Zapoznaj si\u0119 z polityk\u0105 prywatno\u015bci na stronie Trefl Puzzle i dowiedz si\u0119, jak chronimy Twoje dane osobowe.\" \/>\n<meta property=\"og:url\" content=\"https:\/\/puzzles.trefl.com\/pl\/wood-craft\/polityka-prywatnosci\/\" \/>\n<meta property=\"og:site_name\" content=\"Trefl Puzzle\" \/>\n<meta property=\"article:publisher\" content=\"https:\/\/www.facebook.com\/Trefl.toys\" \/>\n<meta property=\"article:modified_time\" content=\"2023-03-28T06:30:05+00:00\" \/>\n<meta property=\"og:image\" content=\"https:\/\/puzzles.trefl.com\/wp-content\/uploads\/2022\/07\/op.jpg\" \/>\n\t<meta property=\"og:image:width\" content=\"1200\" \/>\n\t<meta property=\"og:image:height\" content=\"630\" \/>\n\t<meta property=\"og:image:type\" content=\"image\/jpeg\" \/>\n<meta name=\"twitter:card\" content=\"summary_large_image\" \/>\n<meta name=\"twitter:label1\" content=\"Szacowany czas czytania\" \/>\n\t<meta name=\"twitter:data1\" content=\"8 minut\" \/>\n<script type=\"application\/ld+json\" class=\"yoast-schema-graph\">{\"@context\":\"https:\\\/\\\/schema.org\",\"@graph\":[{\"@type\":\"WebPage\",\"@id\":\"https:\\\/\\\/puzzles.trefl.com\\\/pl\\\/wood-craft\\\/polityka-prywatnosci\\\/\",\"url\":\"https:\\\/\\\/puzzles.trefl.com\\\/pl\\\/wood-craft\\\/polityka-prywatnosci\\\/\",\"name\":\"Polityka prywatno\u015bci | Trefl Puzzle\",\"isPartOf\":{\"@id\":\"https:\\\/\\\/puzzles.trefl.com\\\/#website\"},\"datePublished\":\"2022-07-19T12:32:45+00:00\",\"dateModified\":\"2023-03-28T06:30:05+00:00\",\"description\":\"Zapoznaj si\u0119 z polityk\u0105 prywatno\u015bci na stronie Trefl Puzzle i dowiedz si\u0119, jak chronimy Twoje dane osobowe.\",\"breadcrumb\":{\"@id\":\"https:\\\/\\\/puzzles.trefl.com\\\/pl\\\/wood-craft\\\/polityka-prywatnosci\\\/#breadcrumb\"},\"inLanguage\":\"pl-PL\",\"potentialAction\":[{\"@type\":\"ReadAction\",\"target\":[\"https:\\\/\\\/puzzles.trefl.com\\\/pl\\\/wood-craft\\\/polityka-prywatnosci\\\/\"]}]},{\"@type\":\"BreadcrumbList\",\"@id\":\"https:\\\/\\\/puzzles.trefl.com\\\/pl\\\/wood-craft\\\/polityka-prywatnosci\\\/#breadcrumb\",\"itemListElement\":[{\"@type\":\"ListItem\",\"position\":1,\"name\":\"Strona g\u0142\u00f3wna\",\"item\":\"https:\\\/\\\/puzzles.trefl.com\\\/pl\\\/\"},{\"@type\":\"ListItem\",\"position\":2,\"name\":\"Wood Craft\",\"item\":\"https:\\\/\\\/puzzles.trefl.com\\\/pl\\\/wood-craft\\\/\"},{\"@type\":\"ListItem\",\"position\":3,\"name\":\"Polityka prywatno\u015bci\"}]},{\"@type\":\"WebSite\",\"@id\":\"https:\\\/\\\/puzzles.trefl.com\\\/#website\",\"url\":\"https:\\\/\\\/puzzles.trefl.com\\\/\",\"name\":\"Trefl Puzzle\",\"description\":\"\",\"potentialAction\":[{\"@type\":\"SearchAction\",\"target\":{\"@type\":\"EntryPoint\",\"urlTemplate\":\"https:\\\/\\\/puzzles.trefl.com\\\/?s={search_term_string}\"},\"query-input\":{\"@type\":\"PropertyValueSpecification\",\"valueRequired\":true,\"valueName\":\"search_term_string\"}}],\"inLanguage\":\"pl-PL\"}]}<\/script>\n<!-- \/ Yoast SEO plugin. -->","yoast_head_json":{"title":"Polityka prywatno\u015bci | Trefl Puzzle","description":"Zapoznaj si\u0119 z polityk\u0105 prywatno\u015bci na stronie Trefl Puzzle i dowiedz si\u0119, jak chronimy Twoje dane osobowe.","robots":{"index":"index","follow":"follow","max-snippet":"max-snippet:-1","max-image-preview":"max-image-preview:large","max-video-preview":"max-video-preview:-1"},"canonical":"https:\/\/puzzles.trefl.com\/pl\/wood-craft\/polityka-prywatnosci\/","og_locale":"pl_PL","og_type":"article","og_title":"Polityka prywatno\u015bci | Trefl Puzzle","og_description":"Zapoznaj si\u0119 z polityk\u0105 prywatno\u015bci na stronie Trefl Puzzle i dowiedz si\u0119, jak chronimy Twoje dane osobowe.","og_url":"https:\/\/puzzles.trefl.com\/pl\/wood-craft\/polityka-prywatnosci\/","og_site_name":"Trefl Puzzle","article_publisher":"https:\/\/www.facebook.com\/Trefl.toys","article_modified_time":"2023-03-28T06:30:05+00:00","og_image":[{"width":1200,"height":630,"url":"https:\/\/puzzles.trefl.com\/wp-content\/uploads\/2022\/07\/op.jpg","type":"image\/jpeg"}],"twitter_card":"summary_large_image","twitter_misc":{"Szacowany czas czytania":"8 minut"},"schema":{"@context":"https:\/\/schema.org","@graph":[{"@type":"WebPage","@id":"https:\/\/puzzles.trefl.com\/pl\/wood-craft\/polityka-prywatnosci\/","url":"https:\/\/puzzles.trefl.com\/pl\/wood-craft\/polityka-prywatnosci\/","name":"Polityka prywatno\u015bci | Trefl Puzzle","isPartOf":{"@id":"https:\/\/puzzles.trefl.com\/#website"},"datePublished":"2022-07-19T12:32:45+00:00","dateModified":"2023-03-28T06:30:05+00:00","description":"Zapoznaj si\u0119 z polityk\u0105 prywatno\u015bci na stronie Trefl Puzzle i dowiedz si\u0119, jak chronimy Twoje dane osobowe.","breadcrumb":{"@id":"https:\/\/puzzles.trefl.com\/pl\/wood-craft\/polityka-prywatnosci\/#breadcrumb"},"inLanguage":"pl-PL","potentialAction":[{"@type":"ReadAction","target":["https:\/\/puzzles.trefl.com\/pl\/wood-craft\/polityka-prywatnosci\/"]}]},{"@type":"BreadcrumbList","@id":"https:\/\/puzzles.trefl.com\/pl\/wood-craft\/polityka-prywatnosci\/#breadcrumb","itemListElement":[{"@type":"ListItem","position":1,"name":"Strona g\u0142\u00f3wna","item":"https:\/\/puzzles.trefl.com\/pl\/"},{"@type":"ListItem","position":2,"name":"Wood Craft","item":"https:\/\/puzzles.trefl.com\/pl\/wood-craft\/"},{"@type":"ListItem","position":3,"name":"Polityka prywatno\u015bci"}]},{"@type":"WebSite","@id":"https:\/\/puzzles.trefl.com\/#website","url":"https:\/\/puzzles.trefl.com\/","name":"Trefl Puzzle","description":"","potentialAction":[{"@type":"SearchAction","target":{"@type":"EntryPoint","urlTemplate":"https:\/\/puzzles.trefl.com\/?s={search_term_string}"},"query-input":{"@type":"PropertyValueSpecification","valueRequired":true,"valueName":"search_term_string"}}],"inLanguage":"pl-PL"}]}},"_links":{"self":[{"href":"https:\/\/puzzles.trefl.com\/pl\/wp-json\/wp\/v2\/pages\/642","targetHints":{"allow":["GET"]}}],"collection":[{"href":"https:\/\/puzzles.trefl.com\/pl\/wp-json\/wp\/v2\/pages"}],"about":[{"href":"https:\/\/puzzles.trefl.com\/pl\/wp-json\/wp\/v2\/types\/page"}],"author":[{"embeddable":true,"href":"https:\/\/puzzles.trefl.com\/pl\/wp-json\/wp\/v2\/users\/1"}],"replies":[{"embeddable":true,"href":"https:\/\/puzzles.trefl.com\/pl\/wp-json\/wp\/v2\/comments?post=642"}],"version-history":[{"count":5,"href":"https:\/\/puzzles.trefl.com\/pl\/wp-json\/wp\/v2\/pages\/642\/revisions"}],"predecessor-version":[{"id":3431,"href":"https:\/\/puzzles.trefl.com\/pl\/wp-json\/wp\/v2\/pages\/642\/revisions\/3431"}],"up":[{"embeddable":true,"href":"https:\/\/puzzles.trefl.com\/pl\/wp-json\/wp\/v2\/pages\/570"}],"wp:attachment":[{"href":"https:\/\/puzzles.trefl.com\/pl\/wp-json\/wp\/v2\/media?parent=642"}],"curies":[{"name":"wp","href":"https:\/\/api.w.org\/{rel}","templated":true}]}}