{"id":639,"date":"2022-07-19T14:32:09","date_gmt":"2022-07-19T12:32:09","guid":{"rendered":"http:\/\/trefl-puzzle.presb.pl\/?page_id=639"},"modified":"2023-03-28T08:39:10","modified_gmt":"2023-03-28T06:39:10","slug":"rodo","status":"publish","type":"page","link":"https:\/\/puzzles.trefl.com\/pl\/wood-craft\/rodo\/","title":{"rendered":"Rodo"},"content":{"rendered":"<p><em>Przyjmuj\u0119 do wiadomo\u015bci, \u017ce administratorem podanych przeze mnie danych osobowych jest TREFL SA z siedzib\u0105 w Gdyni. Podstaw\u0105 prawn\u0105 przetwarzania Pani\/Pana danych osobowych jest prawnie uzasadniony interes Administratora. Dane osobowe s\u0105 przetwarzane w celu odpowiedzi na zapytanie skierowane do nas za pomoc\u0105 formularza. Pani\/Pana dane osobowe b\u0119d\u0105 przetwarzane do terminu zako\u0144czenia korespondencji w sprawie, kt\u00f3rej dotyczy zg\u0142oszenie. Przys\u0142uguje Pani\/Panu prawo: \u017c\u0105dania dost\u0119pu do danych osobowych, ich sprostowania, usuni\u0119cia, ograniczenia przetwarzania, <\/em><em>prawo wniesienia sprzeciwu, prawo do przenoszenia danych, wniesienia skargi do organu nadzorczego. Odbiorc\u0105 Pani\/Pana danych osobowych s\u0105 podmioty, kt\u00f3re wspieraj\u0105 nas w prowadzeniu serwisu WWW i dostawcy us\u0142ug poczty elektronicznej. <\/em><em>Pani\/Pana dane osobowe nie b\u0119d\u0105 przekazywane do pa\u0144stw trzecich. Podanie danych jest dobrowolne. Przetwarzaj\u0105c Pani\/Pana dane osobowe nie stosujemy profilowania ani nie podejmujemy decyzji w spos\u00f3b zautomatyzowany.<\/em><\/p>\n","protected":false},"excerpt":{"rendered":"<p>Przyjmuj\u0119 do wiadomo\u015bci, \u017ce administratorem podanych przeze mnie danych osobowych jest TREFL SA z siedzib\u0105 w Gdyni. Podstaw\u0105 prawn\u0105 przetwarzania Pani\/Pana danych osobowych jest prawnie uzasadniony interes Administratora. Dane osobowe s\u0105 przetwarzane w celu odpowiedzi na zapytanie skierowane do nas za pomoc\u0105 formularza. Pani\/Pana dane osobowe b\u0119d\u0105 przetwarzane do terminu zako\u0144czenia korespondencji w sprawie, kt\u00f3rej [&hellip;]<\/p>\n","protected":false},"author":1,"featured_media":0,"parent":570,"menu_order":0,"comment_status":"closed","ping_status":"closed","template":"template-domyslny-wood.php","meta":{"_acf_changed":false,"footnotes":""},"class_list":["post-639","page","type-page","status-publish","hentry"],"acf":[],"yoast_head":"<!-- This site is optimized with the Yoast SEO plugin v27.6 - https:\/\/yoast.com\/product\/yoast-seo-wordpress\/ -->\n<title>RODO | Trefl Puzzle<\/title>\n<meta name=\"description\" content=\"RODO - zapoznaj si\u0119 z polityk\u0105 ochrony danych osobowych firmy Trefl SA na stronie Trefl Puzzle, zgodnej z wymaganiami RODO.\" \/>\n<meta name=\"robots\" content=\"index, follow, max-snippet:-1, max-image-preview:large, max-video-preview:-1\" \/>\n<link rel=\"canonical\" href=\"https:\/\/puzzles.trefl.com\/pl\/wood-craft\/rodo\/\" \/>\n<meta property=\"og:locale\" content=\"pl_PL\" \/>\n<meta property=\"og:type\" content=\"article\" \/>\n<meta property=\"og:title\" content=\"RODO | Trefl Puzzle\" \/>\n<meta property=\"og:description\" content=\"RODO - zapoznaj si\u0119 z polityk\u0105 ochrony danych osobowych firmy Trefl SA na stronie Trefl Puzzle, zgodnej z wymaganiami RODO.\" \/>\n<meta property=\"og:url\" content=\"https:\/\/puzzles.trefl.com\/pl\/wood-craft\/rodo\/\" \/>\n<meta property=\"og:site_name\" content=\"Trefl Puzzle\" \/>\n<meta property=\"article:publisher\" content=\"https:\/\/www.facebook.com\/Trefl.toys\" \/>\n<meta property=\"article:modified_time\" content=\"2023-03-28T06:39:10+00:00\" \/>\n<meta property=\"og:image\" content=\"https:\/\/puzzles.trefl.com\/wp-content\/uploads\/2022\/07\/op.jpg\" \/>\n\t<meta property=\"og:image:width\" content=\"1200\" \/>\n\t<meta property=\"og:image:height\" content=\"630\" \/>\n\t<meta property=\"og:image:type\" content=\"image\/jpeg\" \/>\n<meta name=\"twitter:card\" content=\"summary_large_image\" \/>\n<meta name=\"twitter:label1\" content=\"Szacowany czas czytania\" \/>\n\t<meta name=\"twitter:data1\" content=\"1 minuta\" \/>\n<script type=\"application\/ld+json\" class=\"yoast-schema-graph\">{\"@context\":\"https:\\\/\\\/schema.org\",\"@graph\":[{\"@type\":\"WebPage\",\"@id\":\"https:\\\/\\\/puzzles.trefl.com\\\/pl\\\/wood-craft\\\/rodo\\\/\",\"url\":\"https:\\\/\\\/puzzles.trefl.com\\\/pl\\\/wood-craft\\\/rodo\\\/\",\"name\":\"RODO | Trefl Puzzle\",\"isPartOf\":{\"@id\":\"https:\\\/\\\/puzzles.trefl.com\\\/#website\"},\"datePublished\":\"2022-07-19T12:32:09+00:00\",\"dateModified\":\"2023-03-28T06:39:10+00:00\",\"description\":\"RODO - zapoznaj si\u0119 z polityk\u0105 ochrony danych osobowych firmy Trefl SA na stronie Trefl Puzzle, zgodnej z wymaganiami RODO.\",\"breadcrumb\":{\"@id\":\"https:\\\/\\\/puzzles.trefl.com\\\/pl\\\/wood-craft\\\/rodo\\\/#breadcrumb\"},\"inLanguage\":\"pl-PL\",\"potentialAction\":[{\"@type\":\"ReadAction\",\"target\":[\"https:\\\/\\\/puzzles.trefl.com\\\/pl\\\/wood-craft\\\/rodo\\\/\"]}]},{\"@type\":\"BreadcrumbList\",\"@id\":\"https:\\\/\\\/puzzles.trefl.com\\\/pl\\\/wood-craft\\\/rodo\\\/#breadcrumb\",\"itemListElement\":[{\"@type\":\"ListItem\",\"position\":1,\"name\":\"Strona g\u0142\u00f3wna\",\"item\":\"https:\\\/\\\/puzzles.trefl.com\\\/pl\\\/\"},{\"@type\":\"ListItem\",\"position\":2,\"name\":\"Wood Craft\",\"item\":\"https:\\\/\\\/puzzles.trefl.com\\\/pl\\\/wood-craft\\\/\"},{\"@type\":\"ListItem\",\"position\":3,\"name\":\"Rodo\"}]},{\"@type\":\"WebSite\",\"@id\":\"https:\\\/\\\/puzzles.trefl.com\\\/#website\",\"url\":\"https:\\\/\\\/puzzles.trefl.com\\\/\",\"name\":\"Trefl Puzzle\",\"description\":\"\",\"potentialAction\":[{\"@type\":\"SearchAction\",\"target\":{\"@type\":\"EntryPoint\",\"urlTemplate\":\"https:\\\/\\\/puzzles.trefl.com\\\/?s={search_term_string}\"},\"query-input\":{\"@type\":\"PropertyValueSpecification\",\"valueRequired\":true,\"valueName\":\"search_term_string\"}}],\"inLanguage\":\"pl-PL\"}]}<\/script>\n<!-- \/ Yoast SEO plugin. -->","yoast_head_json":{"title":"RODO | Trefl Puzzle","description":"RODO - zapoznaj si\u0119 z polityk\u0105 ochrony danych osobowych firmy Trefl SA na stronie Trefl Puzzle, zgodnej z wymaganiami RODO.","robots":{"index":"index","follow":"follow","max-snippet":"max-snippet:-1","max-image-preview":"max-image-preview:large","max-video-preview":"max-video-preview:-1"},"canonical":"https:\/\/puzzles.trefl.com\/pl\/wood-craft\/rodo\/","og_locale":"pl_PL","og_type":"article","og_title":"RODO | Trefl Puzzle","og_description":"RODO - zapoznaj si\u0119 z polityk\u0105 ochrony danych osobowych firmy Trefl SA na stronie Trefl Puzzle, zgodnej z wymaganiami RODO.","og_url":"https:\/\/puzzles.trefl.com\/pl\/wood-craft\/rodo\/","og_site_name":"Trefl Puzzle","article_publisher":"https:\/\/www.facebook.com\/Trefl.toys","article_modified_time":"2023-03-28T06:39:10+00:00","og_image":[{"width":1200,"height":630,"url":"https:\/\/puzzles.trefl.com\/wp-content\/uploads\/2022\/07\/op.jpg","type":"image\/jpeg"}],"twitter_card":"summary_large_image","twitter_misc":{"Szacowany czas czytania":"1 minuta"},"schema":{"@context":"https:\/\/schema.org","@graph":[{"@type":"WebPage","@id":"https:\/\/puzzles.trefl.com\/pl\/wood-craft\/rodo\/","url":"https:\/\/puzzles.trefl.com\/pl\/wood-craft\/rodo\/","name":"RODO | Trefl Puzzle","isPartOf":{"@id":"https:\/\/puzzles.trefl.com\/#website"},"datePublished":"2022-07-19T12:32:09+00:00","dateModified":"2023-03-28T06:39:10+00:00","description":"RODO - zapoznaj si\u0119 z polityk\u0105 ochrony danych osobowych firmy Trefl SA na stronie Trefl Puzzle, zgodnej z wymaganiami RODO.","breadcrumb":{"@id":"https:\/\/puzzles.trefl.com\/pl\/wood-craft\/rodo\/#breadcrumb"},"inLanguage":"pl-PL","potentialAction":[{"@type":"ReadAction","target":["https:\/\/puzzles.trefl.com\/pl\/wood-craft\/rodo\/"]}]},{"@type":"BreadcrumbList","@id":"https:\/\/puzzles.trefl.com\/pl\/wood-craft\/rodo\/#breadcrumb","itemListElement":[{"@type":"ListItem","position":1,"name":"Strona g\u0142\u00f3wna","item":"https:\/\/puzzles.trefl.com\/pl\/"},{"@type":"ListItem","position":2,"name":"Wood Craft","item":"https:\/\/puzzles.trefl.com\/pl\/wood-craft\/"},{"@type":"ListItem","position":3,"name":"Rodo"}]},{"@type":"WebSite","@id":"https:\/\/puzzles.trefl.com\/#website","url":"https:\/\/puzzles.trefl.com\/","name":"Trefl Puzzle","description":"","potentialAction":[{"@type":"SearchAction","target":{"@type":"EntryPoint","urlTemplate":"https:\/\/puzzles.trefl.com\/?s={search_term_string}"},"query-input":{"@type":"PropertyValueSpecification","valueRequired":true,"valueName":"search_term_string"}}],"inLanguage":"pl-PL"}]}},"_links":{"self":[{"href":"https:\/\/puzzles.trefl.com\/pl\/wp-json\/wp\/v2\/pages\/639","targetHints":{"allow":["GET"]}}],"collection":[{"href":"https:\/\/puzzles.trefl.com\/pl\/wp-json\/wp\/v2\/pages"}],"about":[{"href":"https:\/\/puzzles.trefl.com\/pl\/wp-json\/wp\/v2\/types\/page"}],"author":[{"embeddable":true,"href":"https:\/\/puzzles.trefl.com\/pl\/wp-json\/wp\/v2\/users\/1"}],"replies":[{"embeddable":true,"href":"https:\/\/puzzles.trefl.com\/pl\/wp-json\/wp\/v2\/comments?post=639"}],"version-history":[{"count":3,"href":"https:\/\/puzzles.trefl.com\/pl\/wp-json\/wp\/v2\/pages\/639\/revisions"}],"predecessor-version":[{"id":3435,"href":"https:\/\/puzzles.trefl.com\/pl\/wp-json\/wp\/v2\/pages\/639\/revisions\/3435"}],"up":[{"embeddable":true,"href":"https:\/\/puzzles.trefl.com\/pl\/wp-json\/wp\/v2\/pages\/570"}],"wp:attachment":[{"href":"https:\/\/puzzles.trefl.com\/pl\/wp-json\/wp\/v2\/media?parent=639"}],"curies":[{"name":"wp","href":"https:\/\/api.w.org\/{rel}","templated":true}]}}